{"id":10,"date":"2025-04-27T14:15:54","date_gmt":"2025-04-27T14:15:54","guid":{"rendered":"https:\/\/www.igs.com.tr\/?page_id=10"},"modified":"2025-04-27T14:36:32","modified_gmt":"2025-04-27T14:36:32","slug":"home","status":"publish","type":"page","link":"https:\/\/www.igs.com.tr\/","title":{"rendered":""},"content":{"rendered":"<h1 style=\"text-align: center;\">Al\u0131\u015fveri\u015f Keyfi Yeni Adresimizde Devam Ediyor<\/h1>\n<p style=\"text-align: center;\">Yeni online ma\u011fazam\u0131z\u0131 ke\u015ffetmek i\u00e7in a\u015fa\u011f\u0131daki ba\u011flant\u0131ya t\u0131klay\u0131n:<\/p>\n<p style=\"text-align: center;\"><a href=\"https:\/\/www.igs.net.tr\/\" target=\"_blank\" rel=\"noopener\">igs.net.tr<\/a><\/p>\n","protected":false},"excerpt":{"rendered":"<p>Al\u0131\u015fveri\u015f Keyfi Yeni Adresimizde Devam Ediyor Yeni online ma\u011fazam\u0131z\u0131 ke\u015ffetmek i\u00e7in a\u015fa\u011f\u0131daki ba\u011flant\u0131ya t\u0131klay\u0131n: igs.net.tr<\/p>\n","protected":false},"author":1,"featured_media":0,"parent":0,"menu_order":0,"comment_status":"closed","ping_status":"closed","template":"","meta":{"footnotes":""},"class_list":["post-10","page","type-page","status-publish","hentry"],"jetpack_sharing_enabled":true,"_links":{"self":[{"href":"https:\/\/www.igs.com.tr\/index.php\/wp-json\/wp\/v2\/pages\/10","targetHints":{"allow":["GET"]}}],"collection":[{"href":"https:\/\/www.igs.com.tr\/index.php\/wp-json\/wp\/v2\/pages"}],"about":[{"href":"https:\/\/www.igs.com.tr\/index.php\/wp-json\/wp\/v2\/types\/page"}],"author":[{"embeddable":true,"href":"https:\/\/www.igs.com.tr\/index.php\/wp-json\/wp\/v2\/users\/1"}],"replies":[{"embeddable":true,"href":"https:\/\/www.igs.com.tr\/index.php\/wp-json\/wp\/v2\/comments?post=10"}],"version-history":[{"count":6,"href":"https:\/\/www.igs.com.tr\/index.php\/wp-json\/wp\/v2\/pages\/10\/revisions"}],"predecessor-version":[{"id":18,"href":"https:\/\/www.igs.com.tr\/index.php\/wp-json\/wp\/v2\/pages\/10\/revisions\/18"}],"wp:attachment":[{"href":"https:\/\/www.igs.com.tr\/index.php\/wp-json\/wp\/v2\/media?parent=10"}],"curies":[{"name":"wp","href":"https:\/\/api.w.org\/{rel}","templated":true}]}}